{"id":8281,"date":"2021-02-10T15:22:49","date_gmt":"2021-02-10T15:22:49","guid":{"rendered":"https:\/\/www.bedbugfoundation.org\/?page_id=8281"},"modified":"2023-12-13T09:30:27","modified_gmt":"2023-12-13T09:30:27","slug":"brian-leith","status":"publish","type":"page","link":"https:\/\/www.bedbugfoundation.org\/sv\/who-are-we\/the-canine-leadership\/brian-leith\/","title":{"rendered":"Brian Leith"},"content":{"rendered":"<p><strong>E-post: <\/strong><a href=\"mailto:BDLCanineServices@outlook.com\">BDLCanineServices@outlook.com<\/a><\/p>\n\n\n<div class=\"wp-block-image\">\n<figure class=\"alignright size-large is-resized\"><a href=\"https:\/\/www.bedbugfoundation.org\/wp-content\/uploads\/2021\/02\/Brian-Leith-1.jpg\"><img loading=\"lazy\" decoding=\"async\" width=\"1024\" height=\"845\" src=\"https:\/\/www.bedbugfoundation.org\/wp-content\/uploads\/2021\/02\/Brian-Leith-1-1024x845.jpg\" alt=\"\" class=\"wp-image-8283\" style=\"width:256px;height:211px\" srcset=\"https:\/\/www.bedbugfoundation.org\/wp-content\/uploads\/2021\/02\/Brian-Leith-1-1024x845.jpg 1024w, https:\/\/www.bedbugfoundation.org\/wp-content\/uploads\/2021\/02\/Brian-Leith-1-300x248.jpg 300w, https:\/\/www.bedbugfoundation.org\/wp-content\/uploads\/2021\/02\/Brian-Leith-1-768x634.jpg 768w, https:\/\/www.bedbugfoundation.org\/wp-content\/uploads\/2021\/02\/Brian-Leith-1-1536x1267.jpg 1536w, https:\/\/www.bedbugfoundation.org\/wp-content\/uploads\/2021\/02\/Brian-Leith-1-16x12.jpg 16w, https:\/\/www.bedbugfoundation.org\/wp-content\/uploads\/2021\/02\/Brian-Leith-1-364x300.jpg 364w, https:\/\/www.bedbugfoundation.org\/wp-content\/uploads\/2021\/02\/Brian-Leith-1-73x60.jpg 73w, https:\/\/www.bedbugfoundation.org\/wp-content\/uploads\/2021\/02\/Brian-Leith-1-109x90.jpg 109w, https:\/\/www.bedbugfoundation.org\/wp-content\/uploads\/2021\/02\/Brian-Leith-1.jpg 1926w\" sizes=\"auto, (max-width: 1024px) 100vw, 1024px\" \/><\/a><\/figure>\n<\/div>\n\n\n<p>Under min tj\u00e4nstg\u00f6ring i Royal Air Force Police utbildade jag mig till milit\u00e4r hundf\u00f6rare.  I takt med att min karri\u00e4r fortskred och med befordringar kvalificerade jag mig och utf\u00f6rde olika andra roller, bland annat som specialutredare och genomf\u00f6rde flera civila polisutbildningar, kontraspionage, instrukt\u00f6rsuppgifter och lufttransports\u00e4kerhet.  Alla dessa roller gav mig m\u00f6jlighet att resa runt i v\u00e4rlden, till en del trevliga och mindre trevliga platser!  Jag lyckades dock fortfarande delta aktivt i hundtr\u00e4ningen och hade det \u00f6vergripande ansvaret f\u00f6r hundsektionerna.<\/p>\n\n\n\n<p>Efter att ha l\u00e4mnat milit\u00e4ren har jag utbildats och utf\u00f6rt operativa uppgifter inom hundsp\u00e5rning av spr\u00e4ng\u00e4mnen och droger, d\u00e4r jag framg\u00e5ngsrikt har arbetat vid h\u00f6gprofilerade evenemang, bland annat de olympiska spelen i London och Royal Ascot.  Jag har erh\u00e5llit min l\u00e4rarutbildning (PTLLS) och har varit starkt involverad i grund- och vidareutbildning av b\u00e5de hundar och hundf\u00f6rare inom en rad olika discipliner.<\/p>\n\n\n\n<p>Jag utbildade mig till hundf\u00f6rare f\u00f6r uppt\u00e4ckt av s\u00e4ngbakterier f\u00f6r n\u00e4stan 10 \u00e5r sedan och f\u00f6rutom att utbilda hundar och hundf\u00f6rare har jag varit fullt operativ och utf\u00f6rt s\u00f6kningar p\u00e5 en m\u00e4ngd olika platser i Storbritannien, inklusive hotell, vandrarhem, v\u00e5rdhem, \u00e4ventyrscenter f\u00f6r barn, sociala bost\u00e4der, privata bost\u00e4der och h\u00e4kten. Jag har nyligen blivit assessor f\u00f6r Bed Bug Foundation (BBF) och har just b\u00f6rjat i den nya rollen som BBF-representant f\u00f6r Storbritannien.  B\u00e5da dessa uppdrag ser jag fram emot att utf\u00f6ra.<\/p>\n\n\n\n<p>Jag tycker om att arbeta med hundar, l\u00e4ra mig nya f\u00e4rdigheter och utveckla handledare.  Jag har ut\u00f6kat mina kunskaper ytterligare genom att nyligen genomf\u00f6ra och tilldelas en Foundation Degree in Science, Canine Studies (med utm\u00e4rkelse).<\/p>\n\n\n\n<p>Jag \u00e4r engagerad i BBF eftersom jag anser att det \u00e4r en organisation som \u00e4r best\u00e4md och som genom oberoende bed\u00f6mningar kan se till att dess hundteam \u00e4r seri\u00f6sa och h\u00e5ller h\u00f6g standard.  Detta kan dock endast ske genom korrekt grundutbildning och fortbildning. &nbsp;<\/p>","protected":false},"excerpt":{"rendered":"<p>Email: BDLCanineServices@outlook.com Whilst serving in the Royal Air Force Police I qualified as a military dog handler. &nbsp;As my career progressed and with promotions, I qualified and carried out various other roles including, Special Investigations undertaking several Civilian Police training &hellip; <a href=\"https:\/\/www.bedbugfoundation.org\/sv\/who-are-we\/the-canine-leadership\/brian-leith\/\">Forts\u00e4tt l\u00e4sa <span class=\"meta-nav\">\u2192<\/span><\/a><\/p>","protected":false},"author":195,"featured_media":0,"parent":8297,"menu_order":0,"comment_status":"closed","ping_status":"closed","template":"","meta":{"_bbp_topic_count":0,"_bbp_reply_count":0,"_bbp_total_topic_count":0,"_bbp_total_reply_count":0,"_bbp_voice_count":0,"_bbp_anonymous_reply_count":0,"_bbp_topic_count_hidden":0,"_bbp_reply_count_hidden":0,"_bbp_forum_subforum_count":0,"footnotes":""},"class_list":["post-8281","page","type-page","status-publish","hentry"],"yoast_head":"<!-- This site is optimized with the Yoast SEO plugin v27.4 - https:\/\/yoast.com\/product\/yoast-seo-wordpress\/ -->\n<title>Brian Leith - Bed Bug Foundation<\/title>\n<meta name=\"robots\" content=\"index, follow, max-snippet:-1, max-image-preview:large, max-video-preview:-1\" \/>\n<link rel=\"canonical\" href=\"https:\/\/www.bedbugfoundation.org\/sv\/who-are-we\/the-canine-leadership\/brian-leith\/\" \/>\n<meta property=\"og:locale\" content=\"sv_SE\" \/>\n<meta property=\"og:type\" content=\"article\" \/>\n<meta property=\"og:title\" content=\"Brian Leith - Bed Bug Foundation\" \/>\n<meta property=\"og:description\" content=\"Email: BDLCanineServices@outlook.com Whilst serving in the Royal Air Force Police I qualified as a military dog handler. &nbsp;As my career progressed and with promotions, I qualified and carried out various other roles including, Special Investigations undertaking several Civilian Police training &hellip; Forts\u00e4tt l\u00e4sa &rarr;\" \/>\n<meta property=\"og:url\" content=\"https:\/\/www.bedbugfoundation.org\/sv\/who-are-we\/the-canine-leadership\/brian-leith\/\" \/>\n<meta property=\"og:site_name\" content=\"Bed Bug Foundation\" \/>\n<meta property=\"article:modified_time\" content=\"2023-12-13T09:30:27+00:00\" \/>\n<meta property=\"og:image\" content=\"https:\/\/www.bedbugfoundation.org\/wp-content\/uploads\/2021\/02\/Brian-Leith-1-1024x845.jpg\" \/>\n<meta name=\"twitter:card\" content=\"summary_large_image\" \/>\n<meta name=\"twitter:label1\" content=\"Ber\u00e4knad l\u00e4stid\" \/>\n\t<meta name=\"twitter:data1\" content=\"2 minuter\" \/>\n<script type=\"application\/ld+json\" class=\"yoast-schema-graph\">{\"@context\":\"https:\\\/\\\/schema.org\",\"@graph\":[{\"@type\":\"WebPage\",\"@id\":\"https:\\\/\\\/www.bedbugfoundation.org\\\/who-are-we\\\/the-canine-leadership\\\/brian-leith\\\/\",\"url\":\"https:\\\/\\\/www.bedbugfoundation.org\\\/who-are-we\\\/the-canine-leadership\\\/brian-leith\\\/\",\"name\":\"Brian Leith - Bed Bug Foundation\",\"isPartOf\":{\"@id\":\"https:\\\/\\\/www.bedbugfoundation.org\\\/#website\"},\"primaryImageOfPage\":{\"@id\":\"https:\\\/\\\/www.bedbugfoundation.org\\\/who-are-we\\\/the-canine-leadership\\\/brian-leith\\\/#primaryimage\"},\"image\":{\"@id\":\"https:\\\/\\\/www.bedbugfoundation.org\\\/who-are-we\\\/the-canine-leadership\\\/brian-leith\\\/#primaryimage\"},\"thumbnailUrl\":\"https:\\\/\\\/www.bedbugfoundation.org\\\/wp-content\\\/uploads\\\/2021\\\/02\\\/Brian-Leith-1-1024x845.jpg\",\"datePublished\":\"2021-02-10T15:22:49+00:00\",\"dateModified\":\"2023-12-13T09:30:27+00:00\",\"breadcrumb\":{\"@id\":\"https:\\\/\\\/www.bedbugfoundation.org\\\/who-are-we\\\/the-canine-leadership\\\/brian-leith\\\/#breadcrumb\"},\"inLanguage\":\"sv-SE\",\"potentialAction\":[{\"@type\":\"ReadAction\",\"target\":[\"https:\\\/\\\/www.bedbugfoundation.org\\\/who-are-we\\\/the-canine-leadership\\\/brian-leith\\\/\"]}]},{\"@type\":\"ImageObject\",\"inLanguage\":\"sv-SE\",\"@id\":\"https:\\\/\\\/www.bedbugfoundation.org\\\/who-are-we\\\/the-canine-leadership\\\/brian-leith\\\/#primaryimage\",\"url\":\"https:\\\/\\\/www.bedbugfoundation.org\\\/wp-content\\\/uploads\\\/2021\\\/02\\\/Brian-Leith-1-1024x845.jpg\",\"contentUrl\":\"https:\\\/\\\/www.bedbugfoundation.org\\\/wp-content\\\/uploads\\\/2021\\\/02\\\/Brian-Leith-1-1024x845.jpg\"},{\"@type\":\"BreadcrumbList\",\"@id\":\"https:\\\/\\\/www.bedbugfoundation.org\\\/who-are-we\\\/the-canine-leadership\\\/brian-leith\\\/#breadcrumb\",\"itemListElement\":[{\"@type\":\"ListItem\",\"position\":1,\"name\":\"Home\",\"item\":\"https:\\\/\\\/www.bedbugfoundation.org\\\/\"},{\"@type\":\"ListItem\",\"position\":2,\"name\":\"Who Are We?\",\"item\":\"https:\\\/\\\/www.bedbugfoundation.org\\\/who-are-we\\\/\"},{\"@type\":\"ListItem\",\"position\":3,\"name\":\"Canine Leadership\",\"item\":\"https:\\\/\\\/www.bedbugfoundation.org\\\/fr\\\/who-are-we\\\/the-canine-leadership\\\/\"},{\"@type\":\"ListItem\",\"position\":4,\"name\":\"Brian Leith\"}]},{\"@type\":\"WebSite\",\"@id\":\"https:\\\/\\\/www.bedbugfoundation.org\\\/#website\",\"url\":\"https:\\\/\\\/www.bedbugfoundation.org\\\/\",\"name\":\"Bed Bug Foundation\",\"description\":\"Home of the European Code of Practice for Bed Bug Management\",\"potentialAction\":[{\"@type\":\"SearchAction\",\"target\":{\"@type\":\"EntryPoint\",\"urlTemplate\":\"https:\\\/\\\/www.bedbugfoundation.org\\\/?s={search_term_string}\"},\"query-input\":{\"@type\":\"PropertyValueSpecification\",\"valueRequired\":true,\"valueName\":\"search_term_string\"}}],\"inLanguage\":\"sv-SE\"}]}<\/script>\n<!-- \/ Yoast SEO plugin. -->","yoast_head_json":{"title":"Brian Leith - Stiftelsen f\u00f6r s\u00e4nginfektioner","robots":{"index":"index","follow":"follow","max-snippet":"max-snippet:-1","max-image-preview":"max-image-preview:large","max-video-preview":"max-video-preview:-1"},"canonical":"https:\/\/www.bedbugfoundation.org\/sv\/who-are-we\/the-canine-leadership\/brian-leith\/","og_locale":"sv_SE","og_type":"article","og_title":"Brian Leith - Bed Bug Foundation","og_description":"Email: BDLCanineServices@outlook.com Whilst serving in the Royal Air Force Police I qualified as a military dog handler. &nbsp;As my career progressed and with promotions, I qualified and carried out various other roles including, Special Investigations undertaking several Civilian Police training &hellip; Forts\u00e4tt l\u00e4sa &rarr;","og_url":"https:\/\/www.bedbugfoundation.org\/sv\/who-are-we\/the-canine-leadership\/brian-leith\/","og_site_name":"Bed Bug Foundation","article_modified_time":"2023-12-13T09:30:27+00:00","og_image":[{"url":"https:\/\/www.bedbugfoundation.org\/wp-content\/uploads\/2021\/02\/Brian-Leith-1-1024x845.jpg","type":"","width":"","height":""}],"twitter_card":"summary_large_image","twitter_misc":{"Ber\u00e4knad l\u00e4stid":"2 minuter"},"schema":{"@context":"https:\/\/schema.org","@graph":[{"@type":"WebPage","@id":"https:\/\/www.bedbugfoundation.org\/who-are-we\/the-canine-leadership\/brian-leith\/","url":"https:\/\/www.bedbugfoundation.org\/who-are-we\/the-canine-leadership\/brian-leith\/","name":"Brian Leith - Stiftelsen f\u00f6r s\u00e4nginfektioner","isPartOf":{"@id":"https:\/\/www.bedbugfoundation.org\/#website"},"primaryImageOfPage":{"@id":"https:\/\/www.bedbugfoundation.org\/who-are-we\/the-canine-leadership\/brian-leith\/#primaryimage"},"image":{"@id":"https:\/\/www.bedbugfoundation.org\/who-are-we\/the-canine-leadership\/brian-leith\/#primaryimage"},"thumbnailUrl":"https:\/\/www.bedbugfoundation.org\/wp-content\/uploads\/2021\/02\/Brian-Leith-1-1024x845.jpg","datePublished":"2021-02-10T15:22:49+00:00","dateModified":"2023-12-13T09:30:27+00:00","breadcrumb":{"@id":"https:\/\/www.bedbugfoundation.org\/who-are-we\/the-canine-leadership\/brian-leith\/#breadcrumb"},"inLanguage":"sv-SE","potentialAction":[{"@type":"ReadAction","target":["https:\/\/www.bedbugfoundation.org\/who-are-we\/the-canine-leadership\/brian-leith\/"]}]},{"@type":"ImageObject","inLanguage":"sv-SE","@id":"https:\/\/www.bedbugfoundation.org\/who-are-we\/the-canine-leadership\/brian-leith\/#primaryimage","url":"https:\/\/www.bedbugfoundation.org\/wp-content\/uploads\/2021\/02\/Brian-Leith-1-1024x845.jpg","contentUrl":"https:\/\/www.bedbugfoundation.org\/wp-content\/uploads\/2021\/02\/Brian-Leith-1-1024x845.jpg"},{"@type":"BreadcrumbList","@id":"https:\/\/www.bedbugfoundation.org\/who-are-we\/the-canine-leadership\/brian-leith\/#breadcrumb","itemListElement":[{"@type":"ListItem","position":1,"name":"Home","item":"https:\/\/www.bedbugfoundation.org\/"},{"@type":"ListItem","position":2,"name":"Who Are We?","item":"https:\/\/www.bedbugfoundation.org\/who-are-we\/"},{"@type":"ListItem","position":3,"name":"Canine Leadership","item":"https:\/\/www.bedbugfoundation.org\/fr\/who-are-we\/the-canine-leadership\/"},{"@type":"ListItem","position":4,"name":"Brian Leith"}]},{"@type":"WebSite","@id":"https:\/\/www.bedbugfoundation.org\/#website","url":"https:\/\/www.bedbugfoundation.org\/","name":"Stiftelsen f\u00f6r s\u00e4ngbaggar","description":"Hem f\u00f6r den europeiska koden f\u00f6r hantering av s\u00e4nginfektioner","potentialAction":[{"@type":"SearchAction","target":{"@type":"EntryPoint","urlTemplate":"https:\/\/www.bedbugfoundation.org\/?s={search_term_string}"},"query-input":{"@type":"PropertyValueSpecification","valueRequired":true,"valueName":"search_term_string"}}],"inLanguage":"sv-SE"}]}},"_links":{"self":[{"href":"https:\/\/www.bedbugfoundation.org\/sv\/wp-json\/wp\/v2\/pages\/8281","targetHints":{"allow":["GET"]}}],"collection":[{"href":"https:\/\/www.bedbugfoundation.org\/sv\/wp-json\/wp\/v2\/pages"}],"about":[{"href":"https:\/\/www.bedbugfoundation.org\/sv\/wp-json\/wp\/v2\/types\/page"}],"author":[{"embeddable":true,"href":"https:\/\/www.bedbugfoundation.org\/sv\/wp-json\/wp\/v2\/users\/195"}],"replies":[{"embeddable":true,"href":"https:\/\/www.bedbugfoundation.org\/sv\/wp-json\/wp\/v2\/comments?post=8281"}],"version-history":[{"count":6,"href":"https:\/\/www.bedbugfoundation.org\/sv\/wp-json\/wp\/v2\/pages\/8281\/revisions"}],"predecessor-version":[{"id":9920,"href":"https:\/\/www.bedbugfoundation.org\/sv\/wp-json\/wp\/v2\/pages\/8281\/revisions\/9920"}],"up":[{"embeddable":true,"href":"https:\/\/www.bedbugfoundation.org\/sv\/wp-json\/wp\/v2\/pages\/8297"}],"wp:attachment":[{"href":"https:\/\/www.bedbugfoundation.org\/sv\/wp-json\/wp\/v2\/media?parent=8281"}],"curies":[{"name":"wp","href":"https:\/\/api.w.org\/{rel}","templated":true}]}}