{"id":8289,"date":"2021-02-10T15:48:52","date_gmt":"2021-02-10T15:48:52","guid":{"rendered":"https:\/\/www.bedbugfoundation.org\/?page_id=8289"},"modified":"2021-03-02T10:44:17","modified_gmt":"2021-03-02T10:44:17","slug":"stefan-hedin","status":"publish","type":"page","link":"https:\/\/www.bedbugfoundation.org\/sv\/who-are-we\/the-canine-leadership\/stefan-hedin\/","title":{"rendered":"Stefan Hedin"},"content":{"rendered":"<p><strong>E-post: <a href=\"mailto:stefan@milentum.se\">stefan@milentum.se<\/a><\/strong><\/p>\n\n\n\n<div class=\"wp-block-image\"><figure class=\"alignright size-large is-resized\"><a href=\"https:\/\/www.bedbugfoundation.org\/wp-content\/uploads\/2021\/02\/Stefan-Hedin-1.jpg\"><img loading=\"lazy\" decoding=\"async\" src=\"https:\/\/www.bedbugfoundation.org\/wp-content\/uploads\/2021\/02\/Stefan-Hedin-1-730x1024.jpg\" alt=\"\" class=\"wp-image-8291\" width=\"227\" height=\"317\" srcset=\"https:\/\/www.bedbugfoundation.org\/wp-content\/uploads\/2021\/02\/Stefan-Hedin-1-730x1024.jpg 730w, https:\/\/www.bedbugfoundation.org\/wp-content\/uploads\/2021\/02\/Stefan-Hedin-1-214x300.jpg 214w, https:\/\/www.bedbugfoundation.org\/wp-content\/uploads\/2021\/02\/Stefan-Hedin-1-768x1077.jpg 768w, https:\/\/www.bedbugfoundation.org\/wp-content\/uploads\/2021\/02\/Stefan-Hedin-1-9x12.jpg 9w, https:\/\/www.bedbugfoundation.org\/wp-content\/uploads\/2021\/02\/Stefan-Hedin-1-43x60.jpg 43w, https:\/\/www.bedbugfoundation.org\/wp-content\/uploads\/2021\/02\/Stefan-Hedin-1-64x90.jpg 64w, https:\/\/www.bedbugfoundation.org\/wp-content\/uploads\/2021\/02\/Stefan-Hedin-1.jpg 1035w\" sizes=\"auto, (max-width: 227px) 100vw, 227px\" \/><\/a><\/figure><\/div>\n\n\n\n<p>Jag \u00e4r i min b\u00e4sta \u00e5lder (fortfarande under 50) och bor i Halmstad i Sverige.<\/p>\n\n\n\n<p>Min fru driver Dog In Work h\u00e4r i Sverige och jag har ansvaret f\u00f6r partnersamarbete och avtal och g\u00f6r ocks\u00e5 all rapportering till v\u00e5ra kunder och hanterar v\u00e5r personal i v\u00e5rt f\u00f6retag Incensor d\u00e4r Anticimex \u00e4r en av v\u00e5ra st\u00f6rsta kunder.<\/p>\n\n\n\n<p>Dessutom driver jag ett par f\u00f6retag, s\u00e5 mina dagar \u00e4r fulla av arbete. Min b\u00e4sta tid p\u00e5 dagen \u00e4r p\u00e5 morgonen n\u00e4r jag tar ut v\u00e5ra hundar i skogen eller p\u00e5 stranden f\u00f6r en l\u00e5ng promenad.<\/p>\n\n\n\n<p>Jag \u00e4r allts\u00e5 ingen hundtr\u00e4nare, men jag har ocks\u00e5 utvecklat en del utrustning f\u00f6r hundtr\u00e4ning som vi ocks\u00e5 s\u00e4ljer till skolor runt om i v\u00e4rlden. Jag har ocks\u00e5 utvecklat en sensor som kan anv\u00e4ndas f\u00f6r l\u00e5ngdistanss\u00f6kning d\u00e4r man kan skicka sensorn \u00f6ver hela v\u00e4rlden. S\u00e4tt den i ett rum i 10-20 timmar och skicka tillbaka den till oss d\u00e4r en hund kan avg\u00f6ra om sensorn har varit i ett rum med s\u00e4ngbaggar eller inte. Det \u00e4r ett specialfilter som samlar in mullvaden och beh\u00e5ller dem. S\u00e5 man kan s\u00e4ga att jag \u00e4r lite entrepren\u00f6r...<\/p>","protected":false},"excerpt":{"rendered":"<p>E-post: stefan@milentum.se Jag \u00e4r i min b\u00e4sta \u00e5lder (fortfarande under 50) och bor i Halmstad i Sverige. Min fru driver Dog In Work h\u00e4r i Sverige och jag har ansvaret f\u00f6r partnersamarbete och avtal och g\u00f6r \u00e4ven alla ... <a href=\"https:\/\/www.bedbugfoundation.org\/sv\/who-are-we\/the-canine-leadership\/stefan-hedin\/\">Forts\u00e4tt l\u00e4sa <span class=\"meta-nav\">\u2192<\/span><\/a><\/p>","protected":false},"author":195,"featured_media":0,"parent":8297,"menu_order":0,"comment_status":"closed","ping_status":"closed","template":"","meta":{"_bbp_topic_count":0,"_bbp_reply_count":0,"_bbp_total_topic_count":0,"_bbp_total_reply_count":0,"_bbp_voice_count":0,"_bbp_anonymous_reply_count":0,"_bbp_topic_count_hidden":0,"_bbp_reply_count_hidden":0,"_bbp_forum_subforum_count":0,"footnotes":""},"class_list":["post-8289","page","type-page","status-publish","hentry"],"yoast_head":"<!-- This site is optimized with the Yoast SEO plugin v27.4 - https:\/\/yoast.com\/product\/yoast-seo-wordpress\/ -->\n<title>Stefan Hedin - Bed Bug Foundation<\/title>\n<meta name=\"robots\" content=\"index, follow, max-snippet:-1, max-image-preview:large, max-video-preview:-1\" \/>\n<link rel=\"canonical\" href=\"https:\/\/www.bedbugfoundation.org\/sv\/who-are-we\/the-canine-leadership\/stefan-hedin\/\" \/>\n<meta property=\"og:locale\" content=\"sv_SE\" \/>\n<meta property=\"og:type\" content=\"article\" \/>\n<meta property=\"og:title\" content=\"Stefan Hedin - Bed Bug Foundation\" \/>\n<meta property=\"og:description\" content=\"Email: stefan@milentum.se I am in my best age (still under 50) and live in Halmstad in Sweden. My wife runs Dog In Work here in Sweden and I have the responsibility of partner cooperation and agreements and also do all &hellip; Forts\u00e4tt l\u00e4sa &rarr;\" \/>\n<meta property=\"og:url\" content=\"https:\/\/www.bedbugfoundation.org\/sv\/who-are-we\/the-canine-leadership\/stefan-hedin\/\" \/>\n<meta property=\"og:site_name\" content=\"Bed Bug Foundation\" \/>\n<meta property=\"article:modified_time\" content=\"2021-03-02T10:44:17+00:00\" \/>\n<meta property=\"og:image\" content=\"https:\/\/www.bedbugfoundation.org\/wp-content\/uploads\/2021\/02\/Stefan-Hedin-1-730x1024.jpg\" \/>\n<meta name=\"twitter:card\" content=\"summary_large_image\" \/>\n<meta name=\"twitter:label1\" content=\"Ber\u00e4knad l\u00e4stid\" \/>\n\t<meta name=\"twitter:data1\" content=\"1 minut\" \/>\n<script type=\"application\/ld+json\" class=\"yoast-schema-graph\">{\"@context\":\"https:\\\/\\\/schema.org\",\"@graph\":[{\"@type\":\"WebPage\",\"@id\":\"https:\\\/\\\/www.bedbugfoundation.org\\\/fr\\\/who-are-we\\\/the-canine-leadership\\\/stefan-hedin\\\/\",\"url\":\"https:\\\/\\\/www.bedbugfoundation.org\\\/fr\\\/who-are-we\\\/the-canine-leadership\\\/stefan-hedin\\\/\",\"name\":\"Stefan Hedin - Bed Bug Foundation\",\"isPartOf\":{\"@id\":\"https:\\\/\\\/www.bedbugfoundation.org\\\/#website\"},\"primaryImageOfPage\":{\"@id\":\"https:\\\/\\\/www.bedbugfoundation.org\\\/fr\\\/who-are-we\\\/the-canine-leadership\\\/stefan-hedin\\\/#primaryimage\"},\"image\":{\"@id\":\"https:\\\/\\\/www.bedbugfoundation.org\\\/fr\\\/who-are-we\\\/the-canine-leadership\\\/stefan-hedin\\\/#primaryimage\"},\"thumbnailUrl\":\"https:\\\/\\\/www.bedbugfoundation.org\\\/wp-content\\\/uploads\\\/2021\\\/02\\\/Stefan-Hedin-1-730x1024.jpg\",\"datePublished\":\"2021-02-10T15:48:52+00:00\",\"dateModified\":\"2021-03-02T10:44:17+00:00\",\"breadcrumb\":{\"@id\":\"https:\\\/\\\/www.bedbugfoundation.org\\\/fr\\\/who-are-we\\\/the-canine-leadership\\\/stefan-hedin\\\/#breadcrumb\"},\"inLanguage\":\"sv-SE\",\"potentialAction\":[{\"@type\":\"ReadAction\",\"target\":[\"https:\\\/\\\/www.bedbugfoundation.org\\\/fr\\\/who-are-we\\\/the-canine-leadership\\\/stefan-hedin\\\/\"]}]},{\"@type\":\"ImageObject\",\"inLanguage\":\"sv-SE\",\"@id\":\"https:\\\/\\\/www.bedbugfoundation.org\\\/fr\\\/who-are-we\\\/the-canine-leadership\\\/stefan-hedin\\\/#primaryimage\",\"url\":\"https:\\\/\\\/www.bedbugfoundation.org\\\/wp-content\\\/uploads\\\/2021\\\/02\\\/Stefan-Hedin-1-730x1024.jpg\",\"contentUrl\":\"https:\\\/\\\/www.bedbugfoundation.org\\\/wp-content\\\/uploads\\\/2021\\\/02\\\/Stefan-Hedin-1-730x1024.jpg\"},{\"@type\":\"BreadcrumbList\",\"@id\":\"https:\\\/\\\/www.bedbugfoundation.org\\\/fr\\\/who-are-we\\\/the-canine-leadership\\\/stefan-hedin\\\/#breadcrumb\",\"itemListElement\":[{\"@type\":\"ListItem\",\"position\":1,\"name\":\"Home\",\"item\":\"https:\\\/\\\/www.bedbugfoundation.org\\\/\"},{\"@type\":\"ListItem\",\"position\":2,\"name\":\"Who Are We?\",\"item\":\"https:\\\/\\\/www.bedbugfoundation.org\\\/who-are-we\\\/\"},{\"@type\":\"ListItem\",\"position\":3,\"name\":\"Canine Leadership\",\"item\":\"https:\\\/\\\/www.bedbugfoundation.org\\\/fr\\\/who-are-we\\\/the-canine-leadership\\\/\"},{\"@type\":\"ListItem\",\"position\":4,\"name\":\"Stefan Hedin\"}]},{\"@type\":\"WebSite\",\"@id\":\"https:\\\/\\\/www.bedbugfoundation.org\\\/#website\",\"url\":\"https:\\\/\\\/www.bedbugfoundation.org\\\/\",\"name\":\"Bed Bug Foundation\",\"description\":\"Home of the European Code of Practice for Bed Bug Management\",\"potentialAction\":[{\"@type\":\"SearchAction\",\"target\":{\"@type\":\"EntryPoint\",\"urlTemplate\":\"https:\\\/\\\/www.bedbugfoundation.org\\\/?s={search_term_string}\"},\"query-input\":{\"@type\":\"PropertyValueSpecification\",\"valueRequired\":true,\"valueName\":\"search_term_string\"}}],\"inLanguage\":\"sv-SE\"}]}<\/script>\n<!-- \/ Yoast SEO plugin. -->","yoast_head_json":{"title":"Stefan Hedin - Stiftelsen f\u00f6r v\u00e4ggl\u00f6ss","robots":{"index":"index","follow":"follow","max-snippet":"max-snippet:-1","max-image-preview":"max-image-preview:large","max-video-preview":"max-video-preview:-1"},"canonical":"https:\/\/www.bedbugfoundation.org\/sv\/who-are-we\/the-canine-leadership\/stefan-hedin\/","og_locale":"sv_SE","og_type":"article","og_title":"Stefan Hedin - Bed Bug Foundation","og_description":"Email: stefan@milentum.se I am in my best age (still under 50) and live in Halmstad in Sweden. My wife runs Dog In Work here in Sweden and I have the responsibility of partner cooperation and agreements and also do all &hellip; Forts\u00e4tt l\u00e4sa &rarr;","og_url":"https:\/\/www.bedbugfoundation.org\/sv\/who-are-we\/the-canine-leadership\/stefan-hedin\/","og_site_name":"Bed Bug Foundation","article_modified_time":"2021-03-02T10:44:17+00:00","og_image":[{"url":"https:\/\/www.bedbugfoundation.org\/wp-content\/uploads\/2021\/02\/Stefan-Hedin-1-730x1024.jpg","type":"","width":"","height":""}],"twitter_card":"summary_large_image","twitter_misc":{"Ber\u00e4knad l\u00e4stid":"1 minut"},"schema":{"@context":"https:\/\/schema.org","@graph":[{"@type":"WebPage","@id":"https:\/\/www.bedbugfoundation.org\/fr\/who-are-we\/the-canine-leadership\/stefan-hedin\/","url":"https:\/\/www.bedbugfoundation.org\/fr\/who-are-we\/the-canine-leadership\/stefan-hedin\/","name":"Stefan Hedin - Stiftelsen f\u00f6r v\u00e4ggl\u00f6ss","isPartOf":{"@id":"https:\/\/www.bedbugfoundation.org\/#website"},"primaryImageOfPage":{"@id":"https:\/\/www.bedbugfoundation.org\/fr\/who-are-we\/the-canine-leadership\/stefan-hedin\/#primaryimage"},"image":{"@id":"https:\/\/www.bedbugfoundation.org\/fr\/who-are-we\/the-canine-leadership\/stefan-hedin\/#primaryimage"},"thumbnailUrl":"https:\/\/www.bedbugfoundation.org\/wp-content\/uploads\/2021\/02\/Stefan-Hedin-1-730x1024.jpg","datePublished":"2021-02-10T15:48:52+00:00","dateModified":"2021-03-02T10:44:17+00:00","breadcrumb":{"@id":"https:\/\/www.bedbugfoundation.org\/fr\/who-are-we\/the-canine-leadership\/stefan-hedin\/#breadcrumb"},"inLanguage":"sv-SE","potentialAction":[{"@type":"ReadAction","target":["https:\/\/www.bedbugfoundation.org\/fr\/who-are-we\/the-canine-leadership\/stefan-hedin\/"]}]},{"@type":"ImageObject","inLanguage":"sv-SE","@id":"https:\/\/www.bedbugfoundation.org\/fr\/who-are-we\/the-canine-leadership\/stefan-hedin\/#primaryimage","url":"https:\/\/www.bedbugfoundation.org\/wp-content\/uploads\/2021\/02\/Stefan-Hedin-1-730x1024.jpg","contentUrl":"https:\/\/www.bedbugfoundation.org\/wp-content\/uploads\/2021\/02\/Stefan-Hedin-1-730x1024.jpg"},{"@type":"BreadcrumbList","@id":"https:\/\/www.bedbugfoundation.org\/fr\/who-are-we\/the-canine-leadership\/stefan-hedin\/#breadcrumb","itemListElement":[{"@type":"ListItem","position":1,"name":"Home","item":"https:\/\/www.bedbugfoundation.org\/"},{"@type":"ListItem","position":2,"name":"Who Are We?","item":"https:\/\/www.bedbugfoundation.org\/who-are-we\/"},{"@type":"ListItem","position":3,"name":"Canine Leadership","item":"https:\/\/www.bedbugfoundation.org\/fr\/who-are-we\/the-canine-leadership\/"},{"@type":"ListItem","position":4,"name":"Stefan Hedin"}]},{"@type":"WebSite","@id":"https:\/\/www.bedbugfoundation.org\/#website","url":"https:\/\/www.bedbugfoundation.org\/","name":"Stiftelsen f\u00f6r s\u00e4ngbaggar","description":"Hem f\u00f6r den europeiska koden f\u00f6r hantering av s\u00e4nginfektioner","potentialAction":[{"@type":"SearchAction","target":{"@type":"EntryPoint","urlTemplate":"https:\/\/www.bedbugfoundation.org\/?s={search_term_string}"},"query-input":{"@type":"PropertyValueSpecification","valueRequired":true,"valueName":"search_term_string"}}],"inLanguage":"sv-SE"}]}},"_links":{"self":[{"href":"https:\/\/www.bedbugfoundation.org\/sv\/wp-json\/wp\/v2\/pages\/8289","targetHints":{"allow":["GET"]}}],"collection":[{"href":"https:\/\/www.bedbugfoundation.org\/sv\/wp-json\/wp\/v2\/pages"}],"about":[{"href":"https:\/\/www.bedbugfoundation.org\/sv\/wp-json\/wp\/v2\/types\/page"}],"author":[{"embeddable":true,"href":"https:\/\/www.bedbugfoundation.org\/sv\/wp-json\/wp\/v2\/users\/195"}],"replies":[{"embeddable":true,"href":"https:\/\/www.bedbugfoundation.org\/sv\/wp-json\/wp\/v2\/comments?post=8289"}],"version-history":[{"count":3,"href":"https:\/\/www.bedbugfoundation.org\/sv\/wp-json\/wp\/v2\/pages\/8289\/revisions"}],"predecessor-version":[{"id":8693,"href":"https:\/\/www.bedbugfoundation.org\/sv\/wp-json\/wp\/v2\/pages\/8289\/revisions\/8693"}],"up":[{"embeddable":true,"href":"https:\/\/www.bedbugfoundation.org\/sv\/wp-json\/wp\/v2\/pages\/8297"}],"wp:attachment":[{"href":"https:\/\/www.bedbugfoundation.org\/sv\/wp-json\/wp\/v2\/media?parent=8289"}],"curies":[{"name":"wp","href":"https:\/\/api.w.org\/{rel}","templated":true}]}}