{"id":8594,"date":"2021-02-24T10:46:29","date_gmt":"2021-02-24T10:46:29","guid":{"rendered":"https:\/\/www.bedbugfoundation.org\/?page_id=8594"},"modified":"2024-03-07T12:38:36","modified_gmt":"2024-03-07T12:38:36","slug":"tywi-hutchings","status":"publish","type":"page","link":"https:\/\/www.bedbugfoundation.org\/sv\/who-are-we\/the-administration\/tywi-hutchings\/","title":{"rendered":"Tywi Hutchings"},"content":{"rendered":"<div class=\"wp-block-image\">\n<figure class=\"alignright size-full is-resized\"><a href=\"https:\/\/www.bedbugfoundation.org\/wp-content\/uploads\/2024\/03\/Tywi.png\"><img loading=\"lazy\" decoding=\"async\" width=\"755\" height=\"755\" src=\"https:\/\/www.bedbugfoundation.org\/wp-content\/uploads\/2024\/03\/Tywi.png\" alt=\"\" class=\"wp-image-10008\" style=\"width:257px;height:auto\" srcset=\"https:\/\/www.bedbugfoundation.org\/wp-content\/uploads\/2024\/03\/Tywi.png 755w, https:\/\/www.bedbugfoundation.org\/wp-content\/uploads\/2024\/03\/Tywi-300x300.png 300w, https:\/\/www.bedbugfoundation.org\/wp-content\/uploads\/2024\/03\/Tywi-150x150.png 150w, https:\/\/www.bedbugfoundation.org\/wp-content\/uploads\/2024\/03\/Tywi-12x12.png 12w, https:\/\/www.bedbugfoundation.org\/wp-content\/uploads\/2024\/03\/Tywi-100x100.png 100w\" sizes=\"auto, (max-width: 755px) 100vw, 755px\" \/><\/a><\/figure>\n<\/div>\n\n\n<p><strong>E-post: <a href=\"mailto:tywi.hutchings@bedbugfoundation.org\">tywi.hutchings@bedbugfoundation.org<\/a><\/strong><\/p>\n\n\n\n<p>Tywi Hutchings serves as the Database and Website Administrator for the Bed Bug Foundation.<\/p>\n\n\n\n<p>For any questions or concerns regarding the site&#8217;s functionality or the certification process, feel free to reach out.<\/p>\n\n\n\n<p>Your inquiries are always welcome!<\/p>","protected":false},"excerpt":{"rendered":"<p>Email: tywi.hutchings@bedbugfoundation.org Tywi Hutchings serves as the Database and Website Administrator for the Bed Bug Foundation. For any questions or concerns regarding the site&#8217;s functionality or the certification process, feel free to reach out. Your inquiries are always welcome!<\/p>","protected":false},"author":195,"featured_media":0,"parent":8455,"menu_order":0,"comment_status":"closed","ping_status":"closed","template":"","meta":{"_bbp_topic_count":0,"_bbp_reply_count":0,"_bbp_total_topic_count":0,"_bbp_total_reply_count":0,"_bbp_voice_count":0,"_bbp_anonymous_reply_count":0,"_bbp_topic_count_hidden":0,"_bbp_reply_count_hidden":0,"_bbp_forum_subforum_count":0,"footnotes":""},"class_list":["post-8594","page","type-page","status-publish","hentry"],"yoast_head":"<!-- This site is optimized with the Yoast SEO plugin v27.4 - https:\/\/yoast.com\/product\/yoast-seo-wordpress\/ -->\n<title>Tywi Hutchings - Bed Bug Foundation<\/title>\n<meta name=\"robots\" content=\"index, follow, max-snippet:-1, max-image-preview:large, max-video-preview:-1\" \/>\n<link rel=\"canonical\" href=\"https:\/\/www.bedbugfoundation.org\/sv\/who-are-we\/the-administration\/tywi-hutchings\/\" \/>\n<meta property=\"og:locale\" content=\"sv_SE\" \/>\n<meta property=\"og:type\" content=\"article\" \/>\n<meta property=\"og:title\" content=\"Tywi Hutchings - Bed Bug Foundation\" \/>\n<meta property=\"og:description\" content=\"Email: tywi.hutchings@bedbugfoundation.org Tywi Hutchings serves as the Database and Website Administrator for the Bed Bug Foundation. For any questions or concerns regarding the site&#8217;s functionality or the certification process, feel free to reach out. Your inquiries are always welcome!\" \/>\n<meta property=\"og:url\" content=\"https:\/\/www.bedbugfoundation.org\/sv\/who-are-we\/the-administration\/tywi-hutchings\/\" \/>\n<meta property=\"og:site_name\" content=\"Bed Bug Foundation\" \/>\n<meta property=\"article:modified_time\" content=\"2024-03-07T12:38:36+00:00\" \/>\n<meta property=\"og:image\" content=\"https:\/\/www.bedbugfoundation.org\/wp-content\/uploads\/2024\/03\/Tywi.png\" \/>\n<meta name=\"twitter:card\" content=\"summary_large_image\" \/>\n<meta name=\"twitter:label1\" content=\"Ber\u00e4knad l\u00e4stid\" \/>\n\t<meta name=\"twitter:data1\" content=\"1 minut\" \/>\n<script type=\"application\/ld+json\" class=\"yoast-schema-graph\">{\"@context\":\"https:\\\/\\\/schema.org\",\"@graph\":[{\"@type\":\"WebPage\",\"@id\":\"https:\\\/\\\/www.bedbugfoundation.org\\\/who-are-we\\\/the-administration\\\/tywi-hutchings\\\/\",\"url\":\"https:\\\/\\\/www.bedbugfoundation.org\\\/who-are-we\\\/the-administration\\\/tywi-hutchings\\\/\",\"name\":\"Tywi Hutchings - Bed Bug Foundation\",\"isPartOf\":{\"@id\":\"https:\\\/\\\/www.bedbugfoundation.org\\\/#website\"},\"primaryImageOfPage\":{\"@id\":\"https:\\\/\\\/www.bedbugfoundation.org\\\/who-are-we\\\/the-administration\\\/tywi-hutchings\\\/#primaryimage\"},\"image\":{\"@id\":\"https:\\\/\\\/www.bedbugfoundation.org\\\/who-are-we\\\/the-administration\\\/tywi-hutchings\\\/#primaryimage\"},\"thumbnailUrl\":\"https:\\\/\\\/www.bedbugfoundation.org\\\/wp-content\\\/uploads\\\/2024\\\/03\\\/Tywi.png\",\"datePublished\":\"2021-02-24T10:46:29+00:00\",\"dateModified\":\"2024-03-07T12:38:36+00:00\",\"breadcrumb\":{\"@id\":\"https:\\\/\\\/www.bedbugfoundation.org\\\/who-are-we\\\/the-administration\\\/tywi-hutchings\\\/#breadcrumb\"},\"inLanguage\":\"sv-SE\",\"potentialAction\":[{\"@type\":\"ReadAction\",\"target\":[\"https:\\\/\\\/www.bedbugfoundation.org\\\/who-are-we\\\/the-administration\\\/tywi-hutchings\\\/\"]}]},{\"@type\":\"ImageObject\",\"inLanguage\":\"sv-SE\",\"@id\":\"https:\\\/\\\/www.bedbugfoundation.org\\\/who-are-we\\\/the-administration\\\/tywi-hutchings\\\/#primaryimage\",\"url\":\"https:\\\/\\\/www.bedbugfoundation.org\\\/wp-content\\\/uploads\\\/2024\\\/03\\\/Tywi.png\",\"contentUrl\":\"https:\\\/\\\/www.bedbugfoundation.org\\\/wp-content\\\/uploads\\\/2024\\\/03\\\/Tywi.png\"},{\"@type\":\"BreadcrumbList\",\"@id\":\"https:\\\/\\\/www.bedbugfoundation.org\\\/who-are-we\\\/the-administration\\\/tywi-hutchings\\\/#breadcrumb\",\"itemListElement\":[{\"@type\":\"ListItem\",\"position\":1,\"name\":\"Home\",\"item\":\"https:\\\/\\\/www.bedbugfoundation.org\\\/\"},{\"@type\":\"ListItem\",\"position\":2,\"name\":\"Who Are We?\",\"item\":\"https:\\\/\\\/www.bedbugfoundation.org\\\/who-are-we\\\/\"},{\"@type\":\"ListItem\",\"position\":3,\"name\":\"Foundation Leadership\",\"item\":\"https:\\\/\\\/www.bedbugfoundation.org\\\/who-are-we\\\/the-administration\\\/\"},{\"@type\":\"ListItem\",\"position\":4,\"name\":\"Tywi Hutchings\"}]},{\"@type\":\"WebSite\",\"@id\":\"https:\\\/\\\/www.bedbugfoundation.org\\\/#website\",\"url\":\"https:\\\/\\\/www.bedbugfoundation.org\\\/\",\"name\":\"Bed Bug Foundation\",\"description\":\"Home of the European Code of Practice for Bed Bug Management\",\"potentialAction\":[{\"@type\":\"SearchAction\",\"target\":{\"@type\":\"EntryPoint\",\"urlTemplate\":\"https:\\\/\\\/www.bedbugfoundation.org\\\/?s={search_term_string}\"},\"query-input\":{\"@type\":\"PropertyValueSpecification\",\"valueRequired\":true,\"valueName\":\"search_term_string\"}}],\"inLanguage\":\"sv-SE\"}]}<\/script>\n<!-- \/ Yoast SEO plugin. -->","yoast_head_json":{"title":"Tywi Hutchings - Stiftelsen f\u00f6r s\u00e4nginfektioner","robots":{"index":"index","follow":"follow","max-snippet":"max-snippet:-1","max-image-preview":"max-image-preview:large","max-video-preview":"max-video-preview:-1"},"canonical":"https:\/\/www.bedbugfoundation.org\/sv\/who-are-we\/the-administration\/tywi-hutchings\/","og_locale":"sv_SE","og_type":"article","og_title":"Tywi Hutchings - Bed Bug Foundation","og_description":"Email: tywi.hutchings@bedbugfoundation.org Tywi Hutchings serves as the Database and Website Administrator for the Bed Bug Foundation. For any questions or concerns regarding the site&#8217;s functionality or the certification process, feel free to reach out. Your inquiries are always welcome!","og_url":"https:\/\/www.bedbugfoundation.org\/sv\/who-are-we\/the-administration\/tywi-hutchings\/","og_site_name":"Bed Bug Foundation","article_modified_time":"2024-03-07T12:38:36+00:00","og_image":[{"url":"https:\/\/www.bedbugfoundation.org\/wp-content\/uploads\/2024\/03\/Tywi.png","type":"","width":"","height":""}],"twitter_card":"summary_large_image","twitter_misc":{"Ber\u00e4knad l\u00e4stid":"1 minut"},"schema":{"@context":"https:\/\/schema.org","@graph":[{"@type":"WebPage","@id":"https:\/\/www.bedbugfoundation.org\/who-are-we\/the-administration\/tywi-hutchings\/","url":"https:\/\/www.bedbugfoundation.org\/who-are-we\/the-administration\/tywi-hutchings\/","name":"Tywi Hutchings - Stiftelsen f\u00f6r s\u00e4nginfektioner","isPartOf":{"@id":"https:\/\/www.bedbugfoundation.org\/#website"},"primaryImageOfPage":{"@id":"https:\/\/www.bedbugfoundation.org\/who-are-we\/the-administration\/tywi-hutchings\/#primaryimage"},"image":{"@id":"https:\/\/www.bedbugfoundation.org\/who-are-we\/the-administration\/tywi-hutchings\/#primaryimage"},"thumbnailUrl":"https:\/\/www.bedbugfoundation.org\/wp-content\/uploads\/2024\/03\/Tywi.png","datePublished":"2021-02-24T10:46:29+00:00","dateModified":"2024-03-07T12:38:36+00:00","breadcrumb":{"@id":"https:\/\/www.bedbugfoundation.org\/who-are-we\/the-administration\/tywi-hutchings\/#breadcrumb"},"inLanguage":"sv-SE","potentialAction":[{"@type":"ReadAction","target":["https:\/\/www.bedbugfoundation.org\/who-are-we\/the-administration\/tywi-hutchings\/"]}]},{"@type":"ImageObject","inLanguage":"sv-SE","@id":"https:\/\/www.bedbugfoundation.org\/who-are-we\/the-administration\/tywi-hutchings\/#primaryimage","url":"https:\/\/www.bedbugfoundation.org\/wp-content\/uploads\/2024\/03\/Tywi.png","contentUrl":"https:\/\/www.bedbugfoundation.org\/wp-content\/uploads\/2024\/03\/Tywi.png"},{"@type":"BreadcrumbList","@id":"https:\/\/www.bedbugfoundation.org\/who-are-we\/the-administration\/tywi-hutchings\/#breadcrumb","itemListElement":[{"@type":"ListItem","position":1,"name":"Home","item":"https:\/\/www.bedbugfoundation.org\/"},{"@type":"ListItem","position":2,"name":"Who Are We?","item":"https:\/\/www.bedbugfoundation.org\/who-are-we\/"},{"@type":"ListItem","position":3,"name":"Foundation Leadership","item":"https:\/\/www.bedbugfoundation.org\/who-are-we\/the-administration\/"},{"@type":"ListItem","position":4,"name":"Tywi Hutchings"}]},{"@type":"WebSite","@id":"https:\/\/www.bedbugfoundation.org\/#website","url":"https:\/\/www.bedbugfoundation.org\/","name":"Stiftelsen f\u00f6r s\u00e4ngbaggar","description":"Hem f\u00f6r den europeiska koden f\u00f6r hantering av s\u00e4nginfektioner","potentialAction":[{"@type":"SearchAction","target":{"@type":"EntryPoint","urlTemplate":"https:\/\/www.bedbugfoundation.org\/?s={search_term_string}"},"query-input":{"@type":"PropertyValueSpecification","valueRequired":true,"valueName":"search_term_string"}}],"inLanguage":"sv-SE"}]}},"_links":{"self":[{"href":"https:\/\/www.bedbugfoundation.org\/sv\/wp-json\/wp\/v2\/pages\/8594","targetHints":{"allow":["GET"]}}],"collection":[{"href":"https:\/\/www.bedbugfoundation.org\/sv\/wp-json\/wp\/v2\/pages"}],"about":[{"href":"https:\/\/www.bedbugfoundation.org\/sv\/wp-json\/wp\/v2\/types\/page"}],"author":[{"embeddable":true,"href":"https:\/\/www.bedbugfoundation.org\/sv\/wp-json\/wp\/v2\/users\/195"}],"replies":[{"embeddable":true,"href":"https:\/\/www.bedbugfoundation.org\/sv\/wp-json\/wp\/v2\/comments?post=8594"}],"version-history":[{"count":12,"href":"https:\/\/www.bedbugfoundation.org\/sv\/wp-json\/wp\/v2\/pages\/8594\/revisions"}],"predecessor-version":[{"id":10011,"href":"https:\/\/www.bedbugfoundation.org\/sv\/wp-json\/wp\/v2\/pages\/8594\/revisions\/10011"}],"up":[{"embeddable":true,"href":"https:\/\/www.bedbugfoundation.org\/sv\/wp-json\/wp\/v2\/pages\/8455"}],"wp:attachment":[{"href":"https:\/\/www.bedbugfoundation.org\/sv\/wp-json\/wp\/v2\/media?parent=8594"}],"curies":[{"name":"wp","href":"https:\/\/api.w.org\/{rel}","templated":true}]}}