{"id":9402,"date":"2022-10-25T11:14:35","date_gmt":"2022-10-25T10:14:35","guid":{"rendered":"https:\/\/www.bedbugfoundation.org\/?page_id=9402"},"modified":"2023-09-05T09:53:25","modified_gmt":"2023-09-05T08:53:25","slug":"the-bed-bug","status":"publish","type":"page","link":"https:\/\/www.bedbugfoundation.org\/sv\/the-bed-bug\/","title":{"rendered":"The Bed Bug Poem"},"content":{"rendered":"<blockquote class=\"wp-block-quote has-text-align-center is-layout-flow wp-block-quote-is-layout-flow\"><p>Bland de insekter som skapades av Gud<br>En liten blodsugande leddjur<br>Kallas Cimex Lectularius<br>skickades f\u00f6r att bita och harry oss.<br>\u00a0<br>Nu, vad besatt Gudomen<br>Att g\u00f6ra detta \u00e4r ett mysterium.<br>Kanske var Gud p\u00e5 lekfullt hum\u00f6r,<br>Och sa, \"Jag ska skicka den h\u00e4r lilla killen<br>\u00a0<br>\"Att g\u00f6mma sig tills folk vilar,<br>\"Bit sedan i deras \u00f6ron, ben, halsar och t\u00e5r<br>\"Och v\u00e4nta p\u00e5 att se m\u00e4nskligheten<br>\"Inblandning i svordomar.\"<br>\u00a0<br>Gud skapade dessa sm\u00e5 insekter<br>\u00d6verallt d\u00e4r det fanns m\u00e4nniskor.<br>I grottor och hyddor b\u00e5de l\u00e5gt och h\u00f6gt,<br>Gud sa: \"\u00d6ka och f\u00f6r\u00f6ka er!\"<br>\u00a0<br>Och s\u00e5 gjorde de - sedan urminnes tider<br>I kyliga eller tropiska klimat.<br>De bet rumpan och s\u00f6g blodet<br>Av Noa, som flyter p\u00e5 syndafloden.<br>\u00a0<br>De bet faraonerna vid Nilen,<br>Och s\u00f6g blod av Nero, medan<br>Han fipplade medan han tittade p\u00e5 l\u00e5gorna<br>Av Rom. Och om jag n\u00e4mner namn<br>\u00a0<br>Liksom Platon, Michelangelo<br>Det \u00e4r egentligen bara f\u00f6r att l\u00e5ta dig veta<br>Att \u00e4ven killar som \u00e4r s\u00e5 bra som den h\u00e4r<br>Fick v\u00e4gglusens blodiga kyss.<br>\u00a0<br>Till och med den heliga Jeanne d'Arc<br>(S\u00e4kert hennes lands ljusaste gnista)<br>Hoppade till den brinnande p\u00e5len,<br>Och ropade, \"Jag kan helt enkelt inte ta<br>\u00a0<br>\"\u00c4nnu en natt i den d\u00e4r f\u00f6rbannade s\u00e4ngen,<br>\"Med levande insekter fr\u00e5n topp till t\u00e5.<br>\"Jag m\u00f6ter hellre d\u00f6dens flammande mysterium.\"<br>Det gjorde hon.  Resten \u00e4r naturligtvis historia.<br>\u00a0<br>Och Marie Antoinette d\u00e5?<br>Vem sa, \"Femhundra buggar, sl\u00e5r jag vad om,<br>\"Har bitit mig, fast jag \u00e4r drottning.<br>\"Jag skulle hellre m\u00f6ta giljotinen<br>\u00a0<br>\"\u00c4n att mysa med insekter igen.\"<br>De tog henne p\u00e5 orden.  Amen.<br>I Oz, mannen fr\u00e5n den sn\u00f6iga floden<br>Visade mod och skicklighet, hette det i artikeln,<br>\u00a0<br>F\u00f6r att tygla flocken av brumbies.<br>Hans ord avsl\u00f6jar en annan tolkning -<br>De ekade nerf\u00f6r bergsklippan,<br>\"Det finns blodiga v\u00e4ggl\u00f6ss i min swaaaag!\"<br>\u00a0<br>Och l\u00e5ngt borta, under senare \u00e5r,<br>\u00a0En crickethistoria som fortfarande v\u00e4cker t\u00e5rar.<br>P\u00e5 Lord's, i vad vissa kallade otur,<br>Don Bradman gjorde en anka i en testmatch.<br>\u00a0<br>\"Otur?\", fr\u00e4ste han, \"Det var som fan -<br>\"Det finns v\u00e4ggl\u00f6ss p\u00e5 lagets hotell!\"<br>Men v\u00e4rst av allt var att v\u00e4ggl\u00f6ssen bet<br>Den sovande Adolph Hitler. Den<br>\u00a0<br>Det gjorde honom mer rasande \u00e4n han kunde st\u00e5 ut med.<br>Han fick ett raseriutbrott d\u00e4r och d\u00e5<br>Han slet sitt h\u00e5r, han stampade sin st\u00f6vel,<br>Han drog sin pistol, som om han skulle skjuta.<br>\u00a0<br>Och gr\u00e4t, av ilska mer \u00e4n av sorg,<br>\"Jag startar andra v\u00e4rldskriget imorgon!\"<br>S\u00e5 sn\u00e4lla, k\u00e4ra l\u00e4sare, s\u00f6k igenom ditt rum<br>Innan du m\u00f6ter en sm\u00e4rtsam underg\u00e5ng.<br>\u00a0<br>S\u00f6k i din madrass, s\u00f6k i din doona,<br>G\u00f6r det nu, eller \u00e4nnu tidigare.<br>S\u00f6k igenom golvplankornas sprickor och skrymslen,<br>S\u00f6k igenom ditt eget hus, s\u00f6k igenom din mormors hus,<br>\u00a0<br>Farbr\u00f6der, kusiner, alla sl\u00e4ktingar.<br>Riskera inte ett angrepp,<br>F\u00f6r att vi inte alla ska visa oss vara<br>Tredje v\u00e4rldskrigets offer.<\/p><\/blockquote>\n\n\n\n<p class=\"has-text-align-center\"><strong>En dikt av Dermot Dorgan<\/strong><\/p>","protected":false},"excerpt":{"rendered":"<p>Among the insects made by GodA small blood-sucking arthropodCalled\u00a0Cimex LectulariusWas sent to bit and harry us.\u00a0Now, what possessed the DeityTo do this is a mystery.Perhaps God felt in playful mood,And said, &#8220;I&#8217;ll send this little dude\u00a0&#8220;To hide till folks are &hellip; <a href=\"https:\/\/www.bedbugfoundation.org\/sv\/the-bed-bug\/\">Forts\u00e4tt l\u00e4sa <span class=\"meta-nav\">\u2192<\/span><\/a><\/p>","protected":false},"author":195,"featured_media":0,"parent":0,"menu_order":0,"comment_status":"closed","ping_status":"closed","template":"","meta":{"_bbp_topic_count":0,"_bbp_reply_count":0,"_bbp_total_topic_count":0,"_bbp_total_reply_count":0,"_bbp_voice_count":0,"_bbp_anonymous_reply_count":0,"_bbp_topic_count_hidden":0,"_bbp_reply_count_hidden":0,"_bbp_forum_subforum_count":0,"footnotes":""},"class_list":["post-9402","page","type-page","status-publish","hentry"],"yoast_head":"<!-- This site is optimized with the Yoast SEO plugin v27.5 - https:\/\/yoast.com\/product\/yoast-seo-wordpress\/ -->\n<title>The Bed Bug Poem - Bed Bug Foundation<\/title>\n<meta name=\"robots\" content=\"index, follow, max-snippet:-1, max-image-preview:large, max-video-preview:-1\" \/>\n<link rel=\"canonical\" href=\"https:\/\/www.bedbugfoundation.org\/sv\/the-bed-bug\/\" \/>\n<meta property=\"og:locale\" content=\"sv_SE\" \/>\n<meta property=\"og:type\" content=\"article\" \/>\n<meta property=\"og:title\" content=\"The Bed Bug Poem - Bed Bug Foundation\" \/>\n<meta property=\"og:description\" content=\"Among the insects made by GodA small blood-sucking arthropodCalled\u00a0Cimex LectulariusWas sent to bit and harry us.\u00a0Now, what possessed the DeityTo do this is a mystery.Perhaps God felt in playful mood,And said, &#8220;I&#8217;ll send this little dude\u00a0&#8220;To hide till folks are &hellip; Forts\u00e4tt l\u00e4sa &rarr;\" \/>\n<meta property=\"og:url\" content=\"https:\/\/www.bedbugfoundation.org\/sv\/the-bed-bug\/\" \/>\n<meta property=\"og:site_name\" content=\"Bed Bug Foundation\" \/>\n<meta property=\"article:modified_time\" content=\"2023-09-05T08:53:25+00:00\" \/>\n<meta name=\"twitter:card\" content=\"summary_large_image\" \/>\n<meta name=\"twitter:label1\" content=\"Ber\u00e4knad l\u00e4stid\" \/>\n\t<meta name=\"twitter:data1\" content=\"3 minuter\" \/>\n<script type=\"application\/ld+json\" class=\"yoast-schema-graph\">{\"@context\":\"https:\\\/\\\/schema.org\",\"@graph\":[{\"@type\":\"WebPage\",\"@id\":\"https:\\\/\\\/www.bedbugfoundation.org\\\/the-bed-bug\\\/\",\"url\":\"https:\\\/\\\/www.bedbugfoundation.org\\\/the-bed-bug\\\/\",\"name\":\"The Bed Bug Poem - Bed Bug Foundation\",\"isPartOf\":{\"@id\":\"https:\\\/\\\/www.bedbugfoundation.org\\\/#website\"},\"datePublished\":\"2022-10-25T10:14:35+00:00\",\"dateModified\":\"2023-09-05T08:53:25+00:00\",\"breadcrumb\":{\"@id\":\"https:\\\/\\\/www.bedbugfoundation.org\\\/the-bed-bug\\\/#breadcrumb\"},\"inLanguage\":\"sv-SE\",\"potentialAction\":[{\"@type\":\"ReadAction\",\"target\":[\"https:\\\/\\\/www.bedbugfoundation.org\\\/the-bed-bug\\\/\"]}]},{\"@type\":\"BreadcrumbList\",\"@id\":\"https:\\\/\\\/www.bedbugfoundation.org\\\/the-bed-bug\\\/#breadcrumb\",\"itemListElement\":[{\"@type\":\"ListItem\",\"position\":1,\"name\":\"Home\",\"item\":\"https:\\\/\\\/www.bedbugfoundation.org\\\/\"},{\"@type\":\"ListItem\",\"position\":2,\"name\":\"The Bed Bug Poem\"}]},{\"@type\":\"WebSite\",\"@id\":\"https:\\\/\\\/www.bedbugfoundation.org\\\/#website\",\"url\":\"https:\\\/\\\/www.bedbugfoundation.org\\\/\",\"name\":\"Bed Bug Foundation\",\"description\":\"Home of the European Code of Practice for Bed Bug Management\",\"potentialAction\":[{\"@type\":\"SearchAction\",\"target\":{\"@type\":\"EntryPoint\",\"urlTemplate\":\"https:\\\/\\\/www.bedbugfoundation.org\\\/?s={search_term_string}\"},\"query-input\":{\"@type\":\"PropertyValueSpecification\",\"valueRequired\":true,\"valueName\":\"search_term_string\"}}],\"inLanguage\":\"sv-SE\"}]}<\/script>\n<!-- \/ Yoast SEO plugin. -->","yoast_head_json":{"title":"The Bed Bug Poem - Bed Bug Foundation","robots":{"index":"index","follow":"follow","max-snippet":"max-snippet:-1","max-image-preview":"max-image-preview:large","max-video-preview":"max-video-preview:-1"},"canonical":"https:\/\/www.bedbugfoundation.org\/sv\/the-bed-bug\/","og_locale":"sv_SE","og_type":"article","og_title":"The Bed Bug Poem - Bed Bug Foundation","og_description":"Among the insects made by GodA small blood-sucking arthropodCalled\u00a0Cimex LectulariusWas sent to bit and harry us.\u00a0Now, what possessed the DeityTo do this is a mystery.Perhaps God felt in playful mood,And said, &#8220;I&#8217;ll send this little dude\u00a0&#8220;To hide till folks are &hellip; Forts\u00e4tt l\u00e4sa &rarr;","og_url":"https:\/\/www.bedbugfoundation.org\/sv\/the-bed-bug\/","og_site_name":"Bed Bug Foundation","article_modified_time":"2023-09-05T08:53:25+00:00","twitter_card":"summary_large_image","twitter_misc":{"Ber\u00e4knad l\u00e4stid":"3 minuter"},"schema":{"@context":"https:\/\/schema.org","@graph":[{"@type":"WebPage","@id":"https:\/\/www.bedbugfoundation.org\/the-bed-bug\/","url":"https:\/\/www.bedbugfoundation.org\/the-bed-bug\/","name":"The Bed Bug Poem - Bed Bug Foundation","isPartOf":{"@id":"https:\/\/www.bedbugfoundation.org\/#website"},"datePublished":"2022-10-25T10:14:35+00:00","dateModified":"2023-09-05T08:53:25+00:00","breadcrumb":{"@id":"https:\/\/www.bedbugfoundation.org\/the-bed-bug\/#breadcrumb"},"inLanguage":"sv-SE","potentialAction":[{"@type":"ReadAction","target":["https:\/\/www.bedbugfoundation.org\/the-bed-bug\/"]}]},{"@type":"BreadcrumbList","@id":"https:\/\/www.bedbugfoundation.org\/the-bed-bug\/#breadcrumb","itemListElement":[{"@type":"ListItem","position":1,"name":"Home","item":"https:\/\/www.bedbugfoundation.org\/"},{"@type":"ListItem","position":2,"name":"The Bed Bug Poem"}]},{"@type":"WebSite","@id":"https:\/\/www.bedbugfoundation.org\/#website","url":"https:\/\/www.bedbugfoundation.org\/","name":"Stiftelsen f\u00f6r s\u00e4ngbaggar","description":"Hem f\u00f6r den europeiska koden f\u00f6r hantering av s\u00e4nginfektioner","potentialAction":[{"@type":"SearchAction","target":{"@type":"EntryPoint","urlTemplate":"https:\/\/www.bedbugfoundation.org\/?s={search_term_string}"},"query-input":{"@type":"PropertyValueSpecification","valueRequired":true,"valueName":"search_term_string"}}],"inLanguage":"sv-SE"}]}},"_links":{"self":[{"href":"https:\/\/www.bedbugfoundation.org\/sv\/wp-json\/wp\/v2\/pages\/9402","targetHints":{"allow":["GET"]}}],"collection":[{"href":"https:\/\/www.bedbugfoundation.org\/sv\/wp-json\/wp\/v2\/pages"}],"about":[{"href":"https:\/\/www.bedbugfoundation.org\/sv\/wp-json\/wp\/v2\/types\/page"}],"author":[{"embeddable":true,"href":"https:\/\/www.bedbugfoundation.org\/sv\/wp-json\/wp\/v2\/users\/195"}],"replies":[{"embeddable":true,"href":"https:\/\/www.bedbugfoundation.org\/sv\/wp-json\/wp\/v2\/comments?post=9402"}],"version-history":[{"count":4,"href":"https:\/\/www.bedbugfoundation.org\/sv\/wp-json\/wp\/v2\/pages\/9402\/revisions"}],"predecessor-version":[{"id":9816,"href":"https:\/\/www.bedbugfoundation.org\/sv\/wp-json\/wp\/v2\/pages\/9402\/revisions\/9816"}],"wp:attachment":[{"href":"https:\/\/www.bedbugfoundation.org\/sv\/wp-json\/wp\/v2\/media?parent=9402"}],"curies":[{"name":"wp","href":"https:\/\/api.w.org\/{rel}","templated":true}]}}