{"id":9602,"date":"2023-04-26T15:43:22","date_gmt":"2023-04-26T14:43:22","guid":{"rendered":"https:\/\/www.bedbugfoundation.org\/?page_id=9602"},"modified":"2023-04-26T15:51:54","modified_gmt":"2023-04-26T14:51:54","slug":"maylen-gare","status":"publish","type":"page","link":"https:\/\/www.bedbugfoundation.org\/sv\/who-are-we\/the-canine-leadership\/maylen-gare\/","title":{"rendered":"Maylen Gare"},"content":{"rendered":"<div class=\"wp-block-image\">\n<figure class=\"alignright size-large is-resized\"><a href=\"https:\/\/www.bedbugfoundation.org\/wp-content\/uploads\/2023\/04\/image3.jpeg\"><img loading=\"lazy\" decoding=\"async\" src=\"https:\/\/www.bedbugfoundation.org\/wp-content\/uploads\/2023\/04\/image3-edited.jpeg\" alt=\"\" class=\"wp-image-9605\" width=\"239\" height=\"327\"\/><\/a><\/figure>\n<\/div>\n\n\n<p>Jag bor p\u00e5 en liten g\u00e5rd i Norge d\u00e4r jag driver mitt f\u00f6retag Gare G\u00e5rd.<\/p>\n\n\n\n<p>H\u00e4r finns ett hotell f\u00f6r hundar, uppf\u00f6dning av rasen Chodsky Pes, kurser f\u00f6r hundar och \u00e4gare samt sp\u00e5rhundar.<\/p>\n\n\n\n<p>Jag har en godk\u00e4nd instrukt\u00f6rsutbildning f\u00f6r valpar samt en utbildning med inriktning p\u00e5 hundbeteende. Jag har arbetat professionellt med hundar i 10 \u00e5r.<\/p>\n\n\n\n<p>Min stora passion n\u00e4r det g\u00e4ller hundtr\u00e4ning \u00e4r uppt\u00e4cktshundar och sp\u00e5rning samt hundens spr\u00e5k. Jag har l\u00e4rt mig s\u00e5 mycket av mina g\u00e4ster p\u00e5 hundhotellet.<\/p>\n\n\n\n<p>Jag har sj\u00e4lv hanhunden Caizer som \u00e4r certifierad via BBF. Min andra hanhund Baileys \u00e4r under utbildning och f\u00f6rhoppningsvis blir vi certifierade i sommar.&nbsp;<\/p>\n\n\n\n<p>I februari var Larry i Norge f\u00f6r att certifiera n\u00e5gra av de team som jag har utbildat, och alla fick sin certifiering. Jag \u00e4r s\u00e5 stolt!<\/p>\n\n\n\n<p>BBF godk\u00e4nde mig som tr\u00e4nare och utbildningsplats.<\/p>\n\n\n\n<p>Jag \u00e4r otroligt tacksam och stolt \u00f6ver att vara en del av det h\u00e4r teamet och ser fram emot forts\u00e4ttningen.<\/p>\n\n\n\n<figure class=\"wp-block-image size-large\"><a href=\"https:\/\/www.bedbugfoundation.org\/wp-content\/uploads\/2023\/04\/image0-scaled.jpeg\"><img loading=\"lazy\" decoding=\"async\" width=\"1024\" height=\"768\" src=\"https:\/\/www.bedbugfoundation.org\/wp-content\/uploads\/2023\/04\/image0-1024x768.jpeg\" alt=\"\" class=\"wp-image-9603\" srcset=\"https:\/\/www.bedbugfoundation.org\/wp-content\/uploads\/2023\/04\/image0-1024x768.jpeg 1024w, https:\/\/www.bedbugfoundation.org\/wp-content\/uploads\/2023\/04\/image0-300x225.jpeg 300w, https:\/\/www.bedbugfoundation.org\/wp-content\/uploads\/2023\/04\/image0-768x576.jpeg 768w, https:\/\/www.bedbugfoundation.org\/wp-content\/uploads\/2023\/04\/image0-1536x1152.jpeg 1536w, https:\/\/www.bedbugfoundation.org\/wp-content\/uploads\/2023\/04\/image0-2048x1536.jpeg 2048w, https:\/\/www.bedbugfoundation.org\/wp-content\/uploads\/2023\/04\/image0-16x12.jpeg 16w, https:\/\/www.bedbugfoundation.org\/wp-content\/uploads\/2023\/04\/image0-400x300.jpeg 400w\" sizes=\"auto, (max-width: 1024px) 100vw, 1024px\" \/><\/a><\/figure>","protected":false},"excerpt":{"rendered":"<p>I live on a small farm in Norway where I run my company Gare G\u00e5rd. Here you will find a hotel for dogs, breeding of the Chodsky Pes breed, courses for dogs and owners and detection dogs. I have an &hellip; <a href=\"https:\/\/www.bedbugfoundation.org\/sv\/who-are-we\/the-canine-leadership\/maylen-gare\/\">Forts\u00e4tt l\u00e4sa <span class=\"meta-nav\">\u2192<\/span><\/a><\/p>","protected":false},"author":195,"featured_media":0,"parent":8297,"menu_order":0,"comment_status":"closed","ping_status":"closed","template":"","meta":{"_bbp_topic_count":0,"_bbp_reply_count":0,"_bbp_total_topic_count":0,"_bbp_total_reply_count":0,"_bbp_voice_count":0,"_bbp_anonymous_reply_count":0,"_bbp_topic_count_hidden":0,"_bbp_reply_count_hidden":0,"_bbp_forum_subforum_count":0,"footnotes":""},"class_list":["post-9602","page","type-page","status-publish","hentry"],"yoast_head":"<!-- This site is optimized with the Yoast SEO plugin v27.5 - https:\/\/yoast.com\/product\/yoast-seo-wordpress\/ -->\n<title>Maylen Gare - Bed Bug Foundation<\/title>\n<meta name=\"robots\" content=\"index, follow, max-snippet:-1, max-image-preview:large, max-video-preview:-1\" \/>\n<link rel=\"canonical\" href=\"https:\/\/www.bedbugfoundation.org\/sv\/who-are-we\/the-canine-leadership\/maylen-gare\/\" \/>\n<meta property=\"og:locale\" content=\"sv_SE\" \/>\n<meta property=\"og:type\" content=\"article\" \/>\n<meta property=\"og:title\" content=\"Maylen Gare - Bed Bug Foundation\" \/>\n<meta property=\"og:description\" content=\"I live on a small farm in Norway where I run my company Gare G\u00e5rd. Here you will find a hotel for dogs, breeding of the Chodsky Pes breed, courses for dogs and owners and detection dogs. I have an &hellip; Forts\u00e4tt l\u00e4sa &rarr;\" \/>\n<meta property=\"og:url\" content=\"https:\/\/www.bedbugfoundation.org\/sv\/who-are-we\/the-canine-leadership\/maylen-gare\/\" \/>\n<meta property=\"og:site_name\" content=\"Bed Bug Foundation\" \/>\n<meta property=\"article:modified_time\" content=\"2023-04-26T14:51:54+00:00\" \/>\n<meta property=\"og:image\" content=\"https:\/\/www.bedbugfoundation.org\/wp-content\/uploads\/2023\/04\/image3-edited.jpeg\" \/>\n<meta name=\"twitter:card\" content=\"summary_large_image\" \/>\n<meta name=\"twitter:label1\" content=\"Ber\u00e4knad l\u00e4stid\" \/>\n\t<meta name=\"twitter:data1\" content=\"2 minuter\" \/>\n<script type=\"application\/ld+json\" class=\"yoast-schema-graph\">{\"@context\":\"https:\\\/\\\/schema.org\",\"@graph\":[{\"@type\":\"WebPage\",\"@id\":\"https:\\\/\\\/www.bedbugfoundation.org\\\/who-are-we\\\/the-canine-leadership\\\/maylen-gare\\\/\",\"url\":\"https:\\\/\\\/www.bedbugfoundation.org\\\/who-are-we\\\/the-canine-leadership\\\/maylen-gare\\\/\",\"name\":\"Maylen Gare - Bed Bug Foundation\",\"isPartOf\":{\"@id\":\"https:\\\/\\\/www.bedbugfoundation.org\\\/#website\"},\"primaryImageOfPage\":{\"@id\":\"https:\\\/\\\/www.bedbugfoundation.org\\\/who-are-we\\\/the-canine-leadership\\\/maylen-gare\\\/#primaryimage\"},\"image\":{\"@id\":\"https:\\\/\\\/www.bedbugfoundation.org\\\/who-are-we\\\/the-canine-leadership\\\/maylen-gare\\\/#primaryimage\"},\"thumbnailUrl\":\"https:\\\/\\\/www.bedbugfoundation.org\\\/wp-content\\\/uploads\\\/2023\\\/04\\\/image3-edited.jpeg\",\"datePublished\":\"2023-04-26T14:43:22+00:00\",\"dateModified\":\"2023-04-26T14:51:54+00:00\",\"breadcrumb\":{\"@id\":\"https:\\\/\\\/www.bedbugfoundation.org\\\/who-are-we\\\/the-canine-leadership\\\/maylen-gare\\\/#breadcrumb\"},\"inLanguage\":\"sv-SE\",\"potentialAction\":[{\"@type\":\"ReadAction\",\"target\":[\"https:\\\/\\\/www.bedbugfoundation.org\\\/who-are-we\\\/the-canine-leadership\\\/maylen-gare\\\/\"]}]},{\"@type\":\"ImageObject\",\"inLanguage\":\"sv-SE\",\"@id\":\"https:\\\/\\\/www.bedbugfoundation.org\\\/who-are-we\\\/the-canine-leadership\\\/maylen-gare\\\/#primaryimage\",\"url\":\"https:\\\/\\\/www.bedbugfoundation.org\\\/wp-content\\\/uploads\\\/2023\\\/04\\\/image3-edited.jpeg\",\"contentUrl\":\"https:\\\/\\\/www.bedbugfoundation.org\\\/wp-content\\\/uploads\\\/2023\\\/04\\\/image3-edited.jpeg\"},{\"@type\":\"BreadcrumbList\",\"@id\":\"https:\\\/\\\/www.bedbugfoundation.org\\\/who-are-we\\\/the-canine-leadership\\\/maylen-gare\\\/#breadcrumb\",\"itemListElement\":[{\"@type\":\"ListItem\",\"position\":1,\"name\":\"Home\",\"item\":\"https:\\\/\\\/www.bedbugfoundation.org\\\/\"},{\"@type\":\"ListItem\",\"position\":2,\"name\":\"Who Are We?\",\"item\":\"https:\\\/\\\/www.bedbugfoundation.org\\\/who-are-we\\\/\"},{\"@type\":\"ListItem\",\"position\":3,\"name\":\"Canine Leadership\",\"item\":\"https:\\\/\\\/www.bedbugfoundation.org\\\/fr\\\/who-are-we\\\/the-canine-leadership\\\/\"},{\"@type\":\"ListItem\",\"position\":4,\"name\":\"Maylen Gare\"}]},{\"@type\":\"WebSite\",\"@id\":\"https:\\\/\\\/www.bedbugfoundation.org\\\/#website\",\"url\":\"https:\\\/\\\/www.bedbugfoundation.org\\\/\",\"name\":\"Bed Bug Foundation\",\"description\":\"Home of the European Code of Practice for Bed Bug Management\",\"potentialAction\":[{\"@type\":\"SearchAction\",\"target\":{\"@type\":\"EntryPoint\",\"urlTemplate\":\"https:\\\/\\\/www.bedbugfoundation.org\\\/?s={search_term_string}\"},\"query-input\":{\"@type\":\"PropertyValueSpecification\",\"valueRequired\":true,\"valueName\":\"search_term_string\"}}],\"inLanguage\":\"sv-SE\"}]}<\/script>\n<!-- \/ Yoast SEO plugin. -->","yoast_head_json":{"title":"Maylen Gare - Stiftelsen f\u00f6r s\u00e4nginfektioner","robots":{"index":"index","follow":"follow","max-snippet":"max-snippet:-1","max-image-preview":"max-image-preview:large","max-video-preview":"max-video-preview:-1"},"canonical":"https:\/\/www.bedbugfoundation.org\/sv\/who-are-we\/the-canine-leadership\/maylen-gare\/","og_locale":"sv_SE","og_type":"article","og_title":"Maylen Gare - Bed Bug Foundation","og_description":"I live on a small farm in Norway where I run my company Gare G\u00e5rd. Here you will find a hotel for dogs, breeding of the Chodsky Pes breed, courses for dogs and owners and detection dogs. I have an &hellip; Forts\u00e4tt l\u00e4sa &rarr;","og_url":"https:\/\/www.bedbugfoundation.org\/sv\/who-are-we\/the-canine-leadership\/maylen-gare\/","og_site_name":"Bed Bug Foundation","article_modified_time":"2023-04-26T14:51:54+00:00","og_image":[{"url":"https:\/\/www.bedbugfoundation.org\/wp-content\/uploads\/2023\/04\/image3-edited.jpeg","type":"","width":"","height":""}],"twitter_card":"summary_large_image","twitter_misc":{"Ber\u00e4knad l\u00e4stid":"2 minuter"},"schema":{"@context":"https:\/\/schema.org","@graph":[{"@type":"WebPage","@id":"https:\/\/www.bedbugfoundation.org\/who-are-we\/the-canine-leadership\/maylen-gare\/","url":"https:\/\/www.bedbugfoundation.org\/who-are-we\/the-canine-leadership\/maylen-gare\/","name":"Maylen Gare - Stiftelsen f\u00f6r s\u00e4nginfektioner","isPartOf":{"@id":"https:\/\/www.bedbugfoundation.org\/#website"},"primaryImageOfPage":{"@id":"https:\/\/www.bedbugfoundation.org\/who-are-we\/the-canine-leadership\/maylen-gare\/#primaryimage"},"image":{"@id":"https:\/\/www.bedbugfoundation.org\/who-are-we\/the-canine-leadership\/maylen-gare\/#primaryimage"},"thumbnailUrl":"https:\/\/www.bedbugfoundation.org\/wp-content\/uploads\/2023\/04\/image3-edited.jpeg","datePublished":"2023-04-26T14:43:22+00:00","dateModified":"2023-04-26T14:51:54+00:00","breadcrumb":{"@id":"https:\/\/www.bedbugfoundation.org\/who-are-we\/the-canine-leadership\/maylen-gare\/#breadcrumb"},"inLanguage":"sv-SE","potentialAction":[{"@type":"ReadAction","target":["https:\/\/www.bedbugfoundation.org\/who-are-we\/the-canine-leadership\/maylen-gare\/"]}]},{"@type":"ImageObject","inLanguage":"sv-SE","@id":"https:\/\/www.bedbugfoundation.org\/who-are-we\/the-canine-leadership\/maylen-gare\/#primaryimage","url":"https:\/\/www.bedbugfoundation.org\/wp-content\/uploads\/2023\/04\/image3-edited.jpeg","contentUrl":"https:\/\/www.bedbugfoundation.org\/wp-content\/uploads\/2023\/04\/image3-edited.jpeg"},{"@type":"BreadcrumbList","@id":"https:\/\/www.bedbugfoundation.org\/who-are-we\/the-canine-leadership\/maylen-gare\/#breadcrumb","itemListElement":[{"@type":"ListItem","position":1,"name":"Home","item":"https:\/\/www.bedbugfoundation.org\/"},{"@type":"ListItem","position":2,"name":"Who Are We?","item":"https:\/\/www.bedbugfoundation.org\/who-are-we\/"},{"@type":"ListItem","position":3,"name":"Canine Leadership","item":"https:\/\/www.bedbugfoundation.org\/fr\/who-are-we\/the-canine-leadership\/"},{"@type":"ListItem","position":4,"name":"Maylen Gare"}]},{"@type":"WebSite","@id":"https:\/\/www.bedbugfoundation.org\/#website","url":"https:\/\/www.bedbugfoundation.org\/","name":"Stiftelsen f\u00f6r s\u00e4ngbaggar","description":"Hem f\u00f6r den europeiska koden f\u00f6r hantering av s\u00e4nginfektioner","potentialAction":[{"@type":"SearchAction","target":{"@type":"EntryPoint","urlTemplate":"https:\/\/www.bedbugfoundation.org\/?s={search_term_string}"},"query-input":{"@type":"PropertyValueSpecification","valueRequired":true,"valueName":"search_term_string"}}],"inLanguage":"sv-SE"}]}},"_links":{"self":[{"href":"https:\/\/www.bedbugfoundation.org\/sv\/wp-json\/wp\/v2\/pages\/9602","targetHints":{"allow":["GET"]}}],"collection":[{"href":"https:\/\/www.bedbugfoundation.org\/sv\/wp-json\/wp\/v2\/pages"}],"about":[{"href":"https:\/\/www.bedbugfoundation.org\/sv\/wp-json\/wp\/v2\/types\/page"}],"author":[{"embeddable":true,"href":"https:\/\/www.bedbugfoundation.org\/sv\/wp-json\/wp\/v2\/users\/195"}],"replies":[{"embeddable":true,"href":"https:\/\/www.bedbugfoundation.org\/sv\/wp-json\/wp\/v2\/comments?post=9602"}],"version-history":[{"count":1,"href":"https:\/\/www.bedbugfoundation.org\/sv\/wp-json\/wp\/v2\/pages\/9602\/revisions"}],"predecessor-version":[{"id":9606,"href":"https:\/\/www.bedbugfoundation.org\/sv\/wp-json\/wp\/v2\/pages\/9602\/revisions\/9606"}],"up":[{"embeddable":true,"href":"https:\/\/www.bedbugfoundation.org\/sv\/wp-json\/wp\/v2\/pages\/8297"}],"wp:attachment":[{"href":"https:\/\/www.bedbugfoundation.org\/sv\/wp-json\/wp\/v2\/media?parent=9602"}],"curies":[{"name":"wp","href":"https:\/\/api.w.org\/{rel}","templated":true}]}}